{"id":1549,"date":"2015-02-13T23:15:45","date_gmt":"2015-02-14T01:15:45","guid":{"rendered":"http:\/\/sh-pro102.teste.website\/~quali640\/br\/?page_id=1549"},"modified":"2024-09-17T14:09:28","modified_gmt":"2024-09-17T14:09:28","slug":"quem-somos","status":"publish","type":"page","link":"https:\/\/qualitacomunicacao.com\/br\/quem-somos\/","title":{"rendered":"Quem somos"},"content":{"rendered":"<p><div class=\"fusion-fullwidth fullwidth-box fusion-builder-row-1 has-pattern-background has-mask-background fusion-parallax-none nonhundred-percent-fullwidth non-hundred-percent-height-scrolling fusion-no-small-visibility\" style=\"--awb-background-position:center top;--awb-border-sizes-top:15px;--awb-border-sizes-bottom:15px;--awb-border-sizes-left:0px;--awb-border-sizes-right:0px;--awb-border-color:#ffffff;--awb-border-radius-top-left:0px;--awb-border-radius-top-right:0px;--awb-border-radius-bottom-right:0px;--awb-border-radius-bottom-left:0px;--awb-margin-top:100px;--awb-background-color:rgba(0,0,0,0);--awb-background-image:url(&quot;http:\/\/sh-pro102.teste.website\/~quali640\/br\/wp-content\/uploads\/2018\/04\/banner-quem-somos.jpg&quot;);--awb-background-size:cover;--awb-flex-wrap:wrap;\" ><div class=\"fusion-builder-row fusion-row\"><div class=\"fusion-layout-column fusion_builder_column fusion-builder-column-0 fusion_builder_column_1_1 1_1 fusion-one-full fusion-column-first fusion-column-last\" style=\"--awb-bg-size:cover;\"><div class=\"fusion-column-wrapper fusion-flex-column-wrapper-legacy\"><div class=\"fusion-sep-clear\"><\/div><div class=\"fusion-separator fusion-full-width-sep\" style=\"margin-left: auto;margin-right: auto;margin-top:105px;width:100%;\"><\/div><div class=\"fusion-sep-clear\"><\/div><div class=\"fusion-text fusion-text-1\"><h1 style=\"text-align: center;\"><span style=\"color: #fece0c;\">Quem somos<\/span><\/h1>\n<\/div><div class=\"fusion-sep-clear\"><\/div><div class=\"fusion-separator fusion-full-width-sep\" style=\"margin-left: auto;margin-right: auto;margin-bottom:55px;width:100%;\"><\/div><div class=\"fusion-sep-clear\"><\/div><div class=\"fusion-clearfix\"><\/div><\/div><\/div><\/div><\/div><div class=\"fusion-fullwidth fullwidth-box fusion-builder-row-2 fusion-flex-container has-pattern-background has-mask-background fusion-parallax-none nonhundred-percent-fullwidth non-hundred-percent-height-scrolling fusion-no-medium-visibility fusion-no-large-visibility\" style=\"--awb-background-position:center top;--awb-border-sizes-top:15px;--awb-border-sizes-bottom:15px;--awb-border-sizes-left:0px;--awb-border-sizes-right:0px;--awb-border-color:#ffffff;--awb-border-radius-top-left:0px;--awb-border-radius-top-right:0px;--awb-border-radius-bottom-right:0px;--awb-border-radius-bottom-left:0px;--awb-margin-top:100px;--awb-background-color:rgba(0,0,0,0);--awb-background-image:url(&quot;http:\/\/sh-pro102.teste.website\/~quali640\/br\/wp-content\/uploads\/2018\/04\/banner-quem-somos.jpg&quot;);--awb-background-size:cover;--awb-flex-wrap:wrap;\" ><div class=\"fusion-builder-row fusion-row fusion-flex-align-items-flex-start fusion-flex-content-wrap\" style=\"max-width:1144px;margin-left: calc(-4% \/ 2 );margin-right: calc(-4% \/ 2 );\"><div class=\"fusion-layout-column fusion_builder_column fusion-builder-column-1 fusion_builder_column_1_1 1_1 fusion-flex-column\" style=\"--awb-bg-size:cover;--awb-width-large:100%;--awb-margin-top-large:0px;--awb-spacing-right-large:1.92%;--awb-margin-bottom-large:20px;--awb-spacing-left-large:1.92%;--awb-width-medium:100%;--awb-spacing-right-medium:1.92%;--awb-spacing-left-medium:1.92%;--awb-width-small:100%;--awb-spacing-right-small:1.92%;--awb-spacing-left-small:1.92%;\"><div class=\"fusion-column-wrapper fusion-flex-justify-content-flex-start fusion-content-layout-column\"><div class=\"fusion-separator fusion-full-width-sep\" style=\"align-self: center;margin-left: auto;margin-right: auto;margin-top:105px;width:100%;\"><\/div><div class=\"fusion-text fusion-text-2\"><h1 style=\"text-align: center;\"><span style=\"color: #fece0c;\">Quem somos<\/span><\/h1>\n<\/div><div class=\"fusion-separator fusion-full-width-sep\" style=\"align-self: center;margin-left: auto;margin-right: auto;margin-bottom:15px;width:100%;\"><\/div><\/div><\/div><\/div><\/div><div class=\"fusion-fullwidth fullwidth-box fusion-builder-row-3 fusion-flex-container has-pattern-background has-mask-background nonhundred-percent-fullwidth non-hundred-percent-height-scrolling\" style=\"--awb-border-radius-top-left:0px;--awb-border-radius-top-right:0px;--awb-border-radius-bottom-right:0px;--awb-border-radius-bottom-left:0px;--awb-padding-right-small:10px;--awb-padding-left-small:10px;--awb-flex-wrap:wrap;\" ><div class=\"fusion-builder-row fusion-row fusion-flex-align-items-flex-start fusion-flex-content-wrap\" style=\"max-width:1144px;margin-left: calc(-4% \/ 2 );margin-right: calc(-4% \/ 2 );\"><div class=\"fusion-layout-column fusion_builder_column fusion-builder-column-2 fusion_builder_column_1_1 1_1 fusion-flex-column\" style=\"--awb-bg-size:cover;--awb-width-large:100%;--awb-margin-top-large:0px;--awb-spacing-right-large:1.92%;--awb-margin-bottom-large:20px;--awb-spacing-left-large:1.92%;--awb-width-medium:100%;--awb-spacing-right-medium:1.92%;--awb-spacing-left-medium:1.92%;--awb-width-small:100%;--awb-spacing-right-small:1.92%;--awb-spacing-left-small:1.92%;\"><div class=\"fusion-column-wrapper fusion-flex-justify-content-flex-start fusion-content-layout-column\"><div class=\"fusion-separator fusion-full-width-sep\" style=\"align-self: center;margin-left: auto;margin-right: auto;margin-bottom:20px;width:100%;\"><\/div><div class=\"fusion-text fusion-text-3\" style=\"--awb-line-height:1.1em;\"><h4 style=\"text-align: center;\">Com mais de 15 anos de atua\u00e7\u00e3o no mercado, a Qualit\u00e0 Comunica\u00e7\u00e3o \u00e9 especializada em marketing digital, produ\u00e7\u00e3o de conte\u00fado e lan\u00e7amento de infoprodutos.<\/h4>\n<\/div><div class=\"fusion-separator fusion-full-width-sep\" style=\"align-self: center;margin-left: auto;margin-right: auto;margin-bottom:0%;width:100%;\"><\/div><\/div><\/div><div class=\"fusion-layout-column fusion_builder_column fusion-builder-column-3 fusion_builder_column_1_1 1_1 fusion-flex-column\" style=\"--awb-bg-size:cover;--awb-width-large:100%;--awb-margin-top-large:0px;--awb-spacing-right-large:1.92%;--awb-margin-bottom-large:20px;--awb-spacing-left-large:1.92%;--awb-width-medium:100%;--awb-spacing-right-medium:1.92%;--awb-spacing-left-medium:1.92%;--awb-width-small:100%;--awb-spacing-right-small:1.92%;--awb-spacing-left-small:1.92%;\"><div class=\"fusion-column-wrapper fusion-flex-justify-content-flex-start fusion-content-layout-column\"><div class=\"fusion-text fusion-text-4\"><p style=\"text-align: left;\">Dirigida por profissionais com mais de <strong>20 anos de experi\u00eancia,<\/strong> a ag\u00eancia oferece produtos e <strong>servi\u00e7os personalizados<\/strong> para a internet e ve\u00edculos de imprensa on-line ou off-line, do mercado editorial, corporativo ou empresarial.<\/p>\n<p style=\"text-align: left;\">Para a <strong>comunica\u00e7\u00e3o digital<\/strong>, a Qualit\u00e0 desenvolve e implementa <strong>projetos<\/strong> com <strong>design moderno<\/strong>, de f\u00e1cil manuten\u00e7\u00e3o, atualiza\u00e7\u00e3o e funcionamento. Sua miss\u00e3o \u00e9 realizar <strong>trabalhos de qualidade<\/strong> com <strong>pre\u00e7os competitivos<\/strong>. A ag\u00eancia disp\u00f5e de <strong>planos diferenciados<\/strong> para cada tipo de cliente, de <strong>grandes empresas<\/strong> e institui\u00e7\u00f5es a <strong>profissionais liberais<\/strong> e <strong>pequenas empresas.<\/strong><\/p>\n<\/div><\/div><\/div><div class=\"fusion-layout-column fusion_builder_column fusion-builder-column-4 fusion_builder_column_1_2 1_2 fusion-flex-column\" style=\"--awb-padding-top:10%;--awb-padding-right:10%;--awb-padding-bottom:10%;--awb-padding-left:10%;--awb-bg-color:#eaeaea;--awb-bg-color-hover:#eaeaea;--awb-bg-size:cover;--awb-width-large:50%;--awb-margin-top-large:0px;--awb-spacing-right-large:0%;--awb-margin-bottom-large:0px;--awb-spacing-left-large:3.84%;--awb-width-medium:100%;--awb-spacing-right-medium:1.92%;--awb-spacing-left-medium:1.92%;--awb-width-small:100%;--awb-spacing-right-small:1.92%;--awb-spacing-left-small:1.92%;\"><div class=\"fusion-column-wrapper fusion-column-has-shadow fusion-flex-justify-content-flex-start fusion-content-layout-column\"><div class=\"fusion-image-element \" style=\"text-align:center;--awb-caption-title-font-family:var(--h2_typography-font-family);--awb-caption-title-font-weight:var(--h2_typography-font-weight);--awb-caption-title-font-style:var(--h2_typography-font-style);--awb-caption-title-size:var(--h2_typography-font-size);--awb-caption-title-transform:var(--h2_typography-text-transform);--awb-caption-title-line-height:var(--h2_typography-line-height);--awb-caption-title-letter-spacing:var(--h2_typography-letter-spacing);\"><span class=\" fusion-imageframe imageframe-none imageframe-1 hover-type-none\"><img decoding=\"async\" width=\"200\" height=\"200\" title=\"flavia-300&#215;300\" src=\"https:\/\/qualitacomunicacao.com\/br\/wp-content\/uploads\/2018\/01\/flavia-300x300-200x200.png\" alt class=\"img-responsive wp-image-3185\" srcset=\"https:\/\/qualitacomunicacao.com\/br\/wp-content\/uploads\/2018\/01\/flavia-300x300-66x66.png 66w, https:\/\/qualitacomunicacao.com\/br\/wp-content\/uploads\/2018\/01\/flavia-300x300-150x150.png 150w, https:\/\/qualitacomunicacao.com\/br\/wp-content\/uploads\/2018\/01\/flavia-300x300-200x200.png 200w, https:\/\/qualitacomunicacao.com\/br\/wp-content\/uploads\/2018\/01\/flavia-300x300.png 300w\" sizes=\"(max-width: 200px) 100vw, 200px\" \/><\/span><\/div><div class=\"fusion-separator fusion-full-width-sep\" style=\"align-self: center;margin-left: auto;margin-right: auto;margin-bottom:5%;width:100%;\"><div class=\"fusion-separator-border sep-double\" style=\"--awb-height:20px;--awb-amount:20px;border-color:#e0dede;border-top-width:0px;border-bottom-width:0px;\"><\/div><\/div><div class=\"fusion-text fusion-text-5\"><h4 style=\"text-align: center;\">Fl\u00e1via Benvenga<\/h4>\n<\/div><div class=\"fusion-separator fusion-full-width-sep\" style=\"align-self: center;margin-left: auto;margin-right: auto;margin-bottom:5%;width:100%;\"><div class=\"fusion-separator-border sep-double\" style=\"--awb-height:20px;--awb-amount:20px;border-color:#e0dede;border-top-width:0px;border-bottom-width:0px;\"><\/div><\/div><div class=\"fusion-text fusion-text-6\"><p style=\"text-align: center;\">Jornalista e fundadora da Qualit\u00e0 Comunica\u00e7\u00e3o, especializada em produ\u00e7\u00e3o de conte\u00fado.<\/p>\n<\/div><\/div><\/div><div class=\"fusion-layout-column fusion_builder_column fusion-builder-column-5 fusion_builder_column_1_2 1_2 fusion-flex-column\" style=\"--awb-padding-top:10%;--awb-padding-right:10%;--awb-padding-bottom:10%;--awb-padding-left:10%;--awb-bg-color:#ffffff;--awb-bg-color-hover:#ffffff;--awb-bg-size:cover;--awb-border-color:#eaeaea;--awb-border-top:2px;--awb-border-right:2px;--awb-border-bottom:2px;--awb-border-left:2px;--awb-border-style:solid;--awb-width-large:50%;--awb-margin-top-large:0px;--awb-spacing-right-large:3.84%;--awb-margin-bottom-large:0px;--awb-spacing-left-large:0%;--awb-width-medium:100%;--awb-spacing-right-medium:1.92%;--awb-spacing-left-medium:1.92%;--awb-width-small:100%;--awb-spacing-right-small:1.92%;--awb-spacing-left-small:1.92%;\"><div class=\"fusion-column-wrapper fusion-column-has-shadow fusion-flex-justify-content-flex-start fusion-content-layout-column\"><div class=\"fusion-image-element \" style=\"text-align:center;--awb-caption-title-font-family:var(--h2_typography-font-family);--awb-caption-title-font-weight:var(--h2_typography-font-weight);--awb-caption-title-font-style:var(--h2_typography-font-style);--awb-caption-title-size:var(--h2_typography-font-size);--awb-caption-title-transform:var(--h2_typography-text-transform);--awb-caption-title-line-height:var(--h2_typography-line-height);--awb-caption-title-letter-spacing:var(--h2_typography-letter-spacing);\"><span class=\" fusion-imageframe imageframe-none imageframe-2 hover-type-none\"><img decoding=\"async\" width=\"200\" height=\"200\" title=\"foto-romano1\" src=\"https:\/\/qualitacomunicacao.com\/br\/wp-content\/uploads\/2019\/10\/foto-romano1-200x200.png\" alt class=\"img-responsive wp-image-3918\" srcset=\"https:\/\/qualitacomunicacao.com\/br\/wp-content\/uploads\/2019\/10\/foto-romano1-200x200.png 200w, https:\/\/qualitacomunicacao.com\/br\/wp-content\/uploads\/2019\/10\/foto-romano1-400x400.png 400w, https:\/\/qualitacomunicacao.com\/br\/wp-content\/uploads\/2019\/10\/foto-romano1-600x600.png 600w, https:\/\/qualitacomunicacao.com\/br\/wp-content\/uploads\/2019\/10\/foto-romano1-800x800.png 800w, https:\/\/qualitacomunicacao.com\/br\/wp-content\/uploads\/2019\/10\/foto-romano1.png 1008w\" sizes=\"(max-width: 1024px) 100vw, (max-width: 640px) 100vw, 600px\" \/><\/span><\/div><div class=\"fusion-separator fusion-full-width-sep\" style=\"align-self: center;margin-left: auto;margin-right: auto;margin-bottom:5%;width:100%;\"><div class=\"fusion-separator-border sep-double\" style=\"--awb-height:20px;--awb-amount:20px;border-color:#e0dede;border-top-width:0px;border-bottom-width:0px;\"><\/div><\/div><div class=\"fusion-text fusion-text-7\"><h4 style=\"text-align: center;\">Romano Venturini<\/h4>\n<\/div><div class=\"fusion-separator fusion-full-width-sep\" style=\"align-self: center;margin-left: auto;margin-right: auto;margin-bottom:5%;width:100%;\"><div class=\"fusion-separator-border sep-double\" style=\"--awb-height:20px;--awb-amount:20px;border-color:#e0dede;border-top-width:0px;border-bottom-width:0px;\"><\/div><\/div><div class=\"fusion-text fusion-text-8\"><p style=\"text-align: center;\">S\u00f3cio da Qualit\u00e0 Comunica\u00e7\u00e3o e respons\u00e1vel pelas \u00e1reas\u00a0de desenvolvimento web e marketing digital.<\/p>\n<\/div><\/div><\/div><\/div><\/div><\/p>\n","protected":false},"excerpt":{"rendered":"","protected":false},"author":1,"featured_media":0,"parent":0,"menu_order":0,"comment_status":"closed","ping_status":"closed","template":"100-width.php","meta":{"footnotes":""},"class_list":["post-1549","page","type-page","status-publish","hentry"],"yoast_head":"<!-- This site is optimized with the Yoast SEO plugin v27.6 - https:\/\/yoast.com\/product\/yoast-seo-wordpress\/ -->\n<title>Quem somos - Qualit\u00e0 Comunica\u00e7\u00e3o<\/title>\n<meta name=\"robots\" content=\"index, follow, max-snippet:-1, max-image-preview:large, max-video-preview:-1\" \/>\n<link rel=\"canonical\" href=\"https:\/\/qualitacomunicacao.com\/br\/quem-somos\/\" \/>\n<meta property=\"og:locale\" content=\"pt_BR\" \/>\n<meta property=\"og:type\" content=\"article\" \/>\n<meta property=\"og:title\" content=\"Quem somos - Qualit\u00e0 Comunica\u00e7\u00e3o\" \/>\n<meta property=\"og:url\" content=\"https:\/\/qualitacomunicacao.com\/br\/quem-somos\/\" \/>\n<meta property=\"og:site_name\" content=\"Qualit\u00e0 Comunica\u00e7\u00e3o\" \/>\n<meta property=\"article:modified_time\" content=\"2024-09-17T14:09:28+00:00\" \/>\n<meta name=\"twitter:card\" content=\"summary_large_image\" \/>\n<meta name=\"twitter:label1\" content=\"Est. tempo de leitura\" \/>\n\t<meta name=\"twitter:data1\" content=\"2 minutos\" \/>\n<script type=\"application\/ld+json\" class=\"yoast-schema-graph\">{\"@context\":\"https:\\\/\\\/schema.org\",\"@graph\":[{\"@type\":\"WebPage\",\"@id\":\"https:\\\/\\\/qualitacomunicacao.com\\\/br\\\/quem-somos\\\/\",\"url\":\"https:\\\/\\\/qualitacomunicacao.com\\\/br\\\/quem-somos\\\/\",\"name\":\"Quem somos - Qualit\u00e0 Comunica\u00e7\u00e3o\",\"isPartOf\":{\"@id\":\"https:\\\/\\\/qualitacomunicacao.com\\\/br\\\/#website\"},\"datePublished\":\"2015-02-14T01:15:45+00:00\",\"dateModified\":\"2024-09-17T14:09:28+00:00\",\"breadcrumb\":{\"@id\":\"https:\\\/\\\/qualitacomunicacao.com\\\/br\\\/quem-somos\\\/#breadcrumb\"},\"inLanguage\":\"pt-BR\",\"potentialAction\":[{\"@type\":\"ReadAction\",\"target\":[\"https:\\\/\\\/qualitacomunicacao.com\\\/br\\\/quem-somos\\\/\"]}]},{\"@type\":\"BreadcrumbList\",\"@id\":\"https:\\\/\\\/qualitacomunicacao.com\\\/br\\\/quem-somos\\\/#breadcrumb\",\"itemListElement\":[{\"@type\":\"ListItem\",\"position\":1,\"name\":\"In\u00edcio\",\"item\":\"https:\\\/\\\/qualitacomunicacao.com\\\/br\\\/\"},{\"@type\":\"ListItem\",\"position\":2,\"name\":\"Quem somos\"}]},{\"@type\":\"WebSite\",\"@id\":\"https:\\\/\\\/qualitacomunicacao.com\\\/br\\\/#website\",\"url\":\"https:\\\/\\\/qualitacomunicacao.com\\\/br\\\/\",\"name\":\"Qualit\u00e0 Comunica\u00e7\u00e3o\",\"description\":\"\",\"potentialAction\":[{\"@type\":\"SearchAction\",\"target\":{\"@type\":\"EntryPoint\",\"urlTemplate\":\"https:\\\/\\\/qualitacomunicacao.com\\\/br\\\/?s={search_term_string}\"},\"query-input\":{\"@type\":\"PropertyValueSpecification\",\"valueRequired\":true,\"valueName\":\"search_term_string\"}}],\"inLanguage\":\"pt-BR\"}]}<\/script>\n<!-- \/ Yoast SEO plugin. -->","yoast_head_json":{"title":"Quem somos - Qualit\u00e0 Comunica\u00e7\u00e3o","robots":{"index":"index","follow":"follow","max-snippet":"max-snippet:-1","max-image-preview":"max-image-preview:large","max-video-preview":"max-video-preview:-1"},"canonical":"https:\/\/qualitacomunicacao.com\/br\/quem-somos\/","og_locale":"pt_BR","og_type":"article","og_title":"Quem somos - Qualit\u00e0 Comunica\u00e7\u00e3o","og_url":"https:\/\/qualitacomunicacao.com\/br\/quem-somos\/","og_site_name":"Qualit\u00e0 Comunica\u00e7\u00e3o","article_modified_time":"2024-09-17T14:09:28+00:00","twitter_card":"summary_large_image","twitter_misc":{"Est. tempo de leitura":"2 minutos"},"schema":{"@context":"https:\/\/schema.org","@graph":[{"@type":"WebPage","@id":"https:\/\/qualitacomunicacao.com\/br\/quem-somos\/","url":"https:\/\/qualitacomunicacao.com\/br\/quem-somos\/","name":"Quem somos - Qualit\u00e0 Comunica\u00e7\u00e3o","isPartOf":{"@id":"https:\/\/qualitacomunicacao.com\/br\/#website"},"datePublished":"2015-02-14T01:15:45+00:00","dateModified":"2024-09-17T14:09:28+00:00","breadcrumb":{"@id":"https:\/\/qualitacomunicacao.com\/br\/quem-somos\/#breadcrumb"},"inLanguage":"pt-BR","potentialAction":[{"@type":"ReadAction","target":["https:\/\/qualitacomunicacao.com\/br\/quem-somos\/"]}]},{"@type":"BreadcrumbList","@id":"https:\/\/qualitacomunicacao.com\/br\/quem-somos\/#breadcrumb","itemListElement":[{"@type":"ListItem","position":1,"name":"In\u00edcio","item":"https:\/\/qualitacomunicacao.com\/br\/"},{"@type":"ListItem","position":2,"name":"Quem somos"}]},{"@type":"WebSite","@id":"https:\/\/qualitacomunicacao.com\/br\/#website","url":"https:\/\/qualitacomunicacao.com\/br\/","name":"Qualit\u00e0 Comunica\u00e7\u00e3o","description":"","potentialAction":[{"@type":"SearchAction","target":{"@type":"EntryPoint","urlTemplate":"https:\/\/qualitacomunicacao.com\/br\/?s={search_term_string}"},"query-input":{"@type":"PropertyValueSpecification","valueRequired":true,"valueName":"search_term_string"}}],"inLanguage":"pt-BR"}]}},"_links":{"self":[{"href":"https:\/\/qualitacomunicacao.com\/br\/wp-json\/wp\/v2\/pages\/1549","targetHints":{"allow":["GET"]}}],"collection":[{"href":"https:\/\/qualitacomunicacao.com\/br\/wp-json\/wp\/v2\/pages"}],"about":[{"href":"https:\/\/qualitacomunicacao.com\/br\/wp-json\/wp\/v2\/types\/page"}],"author":[{"embeddable":true,"href":"https:\/\/qualitacomunicacao.com\/br\/wp-json\/wp\/v2\/users\/1"}],"replies":[{"embeddable":true,"href":"https:\/\/qualitacomunicacao.com\/br\/wp-json\/wp\/v2\/comments?post=1549"}],"version-history":[{"count":46,"href":"https:\/\/qualitacomunicacao.com\/br\/wp-json\/wp\/v2\/pages\/1549\/revisions"}],"predecessor-version":[{"id":4942,"href":"https:\/\/qualitacomunicacao.com\/br\/wp-json\/wp\/v2\/pages\/1549\/revisions\/4942"}],"wp:attachment":[{"href":"https:\/\/qualitacomunicacao.com\/br\/wp-json\/wp\/v2\/media?parent=1549"}],"curies":[{"name":"wp","href":"https:\/\/api.w.org\/{rel}","templated":true}]}}