{"id":4237,"date":"2021-08-09T20:35:43","date_gmt":"2021-08-09T20:35:43","guid":{"rendered":"http:\/\/sh-pro102.teste.website\/~quali640\/br\/?page_id=4237"},"modified":"2022-04-26T23:35:49","modified_gmt":"2022-04-26T23:35:49","slug":"contato-site","status":"publish","type":"page","link":"https:\/\/qualitacomunicacao.com\/br\/contato-site\/","title":{"rendered":"Contato"},"content":{"rendered":"<p><div class=\"fusion-fullwidth fullwidth-box fusion-builder-row-1 nonhundred-percent-fullwidth non-hundred-percent-height-scrolling\" style=\"--awb-border-sizes-bottom:25px;--awb-border-color:rgba(234,233,233,0);--awb-border-radius-top-left:0px;--awb-border-radius-top-right:0px;--awb-border-radius-bottom-right:0px;--awb-border-radius-bottom-left:0px;--awb-flex-wrap:wrap;\" ><div class=\"fusion-builder-row fusion-row\"><div class=\"fusion-layout-column fusion_builder_column fusion-builder-column-0 fusion_builder_column_1_1 1_1 fusion-one-full fusion-column-first fusion-column-last fusion-no-small-visibility\" style=\"--awb-padding-left:0%;--awb-bg-size:cover;--awb-margin-bottom:0px;\"><div class=\"fusion-column-wrapper fusion-column-has-shadow fusion-flex-column-wrapper-legacy\"><div class=\"fusion-sep-clear\"><\/div><div class=\"fusion-separator fusion-full-width-sep\" style=\"margin-left: auto;margin-right: auto;margin-top:10%;width:100%;\"><div class=\"fusion-separator-border sep-double\" style=\"--awb-height:20px;--awb-amount:20px;border-color:#e0dede;border-top-width:0px;border-bottom-width:0px;\"><\/div><\/div><div class=\"fusion-sep-clear\"><\/div><div class=\"fusion-clearfix\"><\/div><\/div><\/div><\/div><\/div><div class=\"fusion-fullwidth fullwidth-box fusion-builder-row-2 nonhundred-percent-fullwidth non-hundred-percent-height-scrolling\" style=\"--awb-border-sizes-bottom:25px;--awb-border-color:rgba(234,233,233,0);--awb-border-radius-top-left:0px;--awb-border-radius-top-right:0px;--awb-border-radius-bottom-right:0px;--awb-border-radius-bottom-left:0px;--awb-flex-wrap:wrap;\" ><div class=\"fusion-builder-row fusion-row\"><div class=\"fusion-layout-column fusion_builder_column fusion-builder-column-1 fusion_builder_column_1_2 1_2 fusion-one-half fusion-column-first\" style=\"--awb-padding-left:0%;--awb-bg-size:cover;--awb-margin-bottom:0px;width:48%; margin-right: 4%;\"><div class=\"fusion-column-wrapper fusion-flex-column-wrapper-legacy\"><div class=\"fusion-sep-clear\"><\/div><div class=\"fusion-separator fusion-full-width-sep\" style=\"margin-left: auto;margin-right: auto;margin-top:5%;width:100%;\"><div class=\"fusion-separator-border sep-double\" style=\"--awb-height:20px;--awb-amount:20px;border-color:#e0dede;border-top-width:0px;border-bottom-width:0px;\"><\/div><\/div><div class=\"fusion-sep-clear\"><\/div><div class=\"fusion-text fusion-text-1\"><h2><span style=\"color: #000000;\">Consultoria gr\u00e1tis!<\/span><\/h2>\n<\/div><div class=\"fusion-text fusion-text-2\"><h5 style=\"line-height: 1.5em;\"><span style=\"color: #333333;\">Ficou <strong>interessado<\/strong> em saber como o <strong>Marketing Digital<\/strong> pode ajudar a<strong> impulsionar<\/strong> o seu neg\u00f3cio e aumentar <strong>suas vendas<\/strong>?<br \/>\n<\/span><\/h5>\n<h5 style=\"line-height: 1.5em; margin-top: 1.5em;\"><span style=\"color: #333333;\"><strong>Aproveite<\/strong> o tempo da nossa <strong>conversa<\/strong> para esclarecer suas d\u00favidas e <strong>dar o pontap\u00e9 inicial<\/strong> na estrat\u00e9gia de<strong> marketing digital<\/strong> para a<strong> sua empresa<\/strong>.<\/span><\/h5>\n<h5 style=\"line-height: 1.5em; margin-top: 1.5em;\"><span style=\"color: #333333;\"><strong>Importante 1<\/strong>: pense no <strong>valor mensal<\/strong> que voc\u00ea est\u00e1 disposto <strong>investir<\/strong> em <strong>an\u00fancios pagos<\/strong>.<\/span><\/h5>\n<h5 style=\"line-height: 1.5em; margin-top: 1.5em;\"><span style=\"color: #333333;\"><strong>Importante 2<\/strong>: envie o endere\u00e7o do <strong>seu site<\/strong> e de suas <strong>redes sociais<\/strong>.<\/span><\/h5>\n<h5 style=\"line-height: 1.5em; margin-top: 1.5em;\"><span style=\"color: #333333;\">Envie sua <strong>mensagem<\/strong> pelo <strong>formul\u00e1rio<\/strong> para agendarmos sua <strong>consultoria gr\u00e1tis<\/strong>.<\/span><\/h5>\n<\/div><div class=\"fusion-sep-clear\"><\/div><div class=\"fusion-separator fusion-full-width-sep\" style=\"margin-left: auto;margin-right: auto;margin-top:5%;width:100%;\"><div class=\"fusion-separator-border sep-double\" style=\"--awb-height:20px;--awb-amount:20px;border-color:#e0dede;border-top-width:0px;border-bottom-width:0px;\"><\/div><\/div><div class=\"fusion-sep-clear\"><\/div><div class=\"fusion-clearfix\"><\/div><\/div><\/div><div class=\"fusion-layout-column fusion_builder_column fusion-builder-column-2 fusion_builder_column_1_2 1_2 fusion-one-half fusion-column-last\" style=\"--awb-bg-size:cover;--awb-margin-bottom:0px;width:48%;\"><div class=\"fusion-column-wrapper fusion-flex-column-wrapper-legacy\"><div class=\"fusion-sep-clear\"><\/div><div class=\"fusion-separator fusion-full-width-sep\" style=\"margin-left: auto;margin-right: auto;margin-top:5%;width:100%;\"><div class=\"fusion-separator-border sep-double\" style=\"--awb-height:20px;--awb-amount:20px;border-color:#e0dede;border-top-width:0px;border-bottom-width:0px;\"><\/div><\/div><div class=\"fusion-sep-clear\"><\/div><div class=\"fusion-text fusion-text-3\"><h2><span style=\"color: #808080;\">Envie sua mensagem<\/span><\/h2>\n<\/div>\n<div class=\"wpcf7 no-js\" id=\"wpcf7-f4240-o1\" lang=\"pt-BR\" dir=\"ltr\" data-wpcf7-id=\"4240\">\n<div class=\"screen-reader-response\"><p role=\"status\" aria-live=\"polite\" aria-atomic=\"true\"><\/p> <ul><\/ul><\/div>\n<form action=\"\/br\/wp-json\/wp\/v2\/pages\/4237#wpcf7-f4240-o1\" method=\"post\" class=\"wpcf7-form init\" aria-label=\"Formul\u00e1rios de contato\" novalidate=\"novalidate\" data-status=\"init\">\n<fieldset class=\"hidden-fields-container\"><input type=\"hidden\" name=\"_wpcf7\" value=\"4240\" \/><input type=\"hidden\" name=\"_wpcf7_version\" value=\"6.1.5\" \/><input type=\"hidden\" name=\"_wpcf7_locale\" value=\"pt_BR\" \/><input type=\"hidden\" name=\"_wpcf7_unit_tag\" value=\"wpcf7-f4240-o1\" \/><input type=\"hidden\" name=\"_wpcf7_container_post\" value=\"0\" \/><input type=\"hidden\" name=\"_wpcf7_posted_data_hash\" value=\"\" \/><input type=\"hidden\" name=\"_wpcf7_recaptcha_response\" value=\"\" \/>\n<\/fieldset>\n<p><label><span class=\"wpcf7-form-control-wrap\" data-name=\"your-name\"><input size=\"40\" maxlength=\"400\" class=\"wpcf7-form-control wpcf7-text wpcf7-validates-as-required\" aria-required=\"true\" aria-invalid=\"false\" placeholder=\"Nome*\" value=\"\" type=\"text\" name=\"your-name\" \/><\/span> <\/label>\n<\/p>\n<p><label><span class=\"wpcf7-form-control-wrap\" data-name=\"your-email\"><input size=\"40\" maxlength=\"400\" class=\"wpcf7-form-control wpcf7-email wpcf7-validates-as-required wpcf7-text wpcf7-validates-as-email\" aria-required=\"true\" aria-invalid=\"false\" placeholder=\"E-mail*\" value=\"\" type=\"email\" name=\"your-email\" \/><\/span> <\/label>\n<\/p>\n<p><label><span class=\"wpcf7-form-control-wrap\" data-name=\"your-tel\"><input size=\"40\" maxlength=\"400\" class=\"wpcf7-form-control wpcf7-tel wpcf7-validates-as-required wpcf7-text wpcf7-validates-as-tel\" aria-required=\"true\" aria-invalid=\"false\" placeholder=\"Telefone*\" value=\"\" type=\"tel\" name=\"your-tel\" \/><\/span> <\/label>\n<\/p>\n<p><label><span class=\"wpcf7-form-control-wrap\" data-name=\"your-site\"><input size=\"40\" maxlength=\"400\" class=\"wpcf7-form-control wpcf7-text wpcf7-validates-as-required\" aria-required=\"true\" aria-invalid=\"false\" placeholder=\"seusite.com.br*\" value=\"\" type=\"text\" name=\"your-site\" \/><\/span> <\/label>\n<\/p>\n<p><label><span class=\"wpcf7-form-control-wrap\" data-name=\"your-redes\"><input size=\"40\" maxlength=\"400\" class=\"wpcf7-form-control wpcf7-text\" aria-invalid=\"false\" placeholder=\"Seu Instagram\" value=\"\" type=\"text\" name=\"your-redes\" \/><\/span> <\/label>\n<\/p>\n<p><label><span class=\"wpcf7-form-control-wrap\" data-name=\"your-redes1\"><input size=\"40\" maxlength=\"400\" class=\"wpcf7-form-control wpcf7-text\" aria-invalid=\"false\" placeholder=\"Seu Facebook\" value=\"\" type=\"text\" name=\"your-redes1\" \/><\/span> <\/label>\n<\/p>\n<p>Expectativa de investimento mensal em an\u00fancios na internet*<br \/>\n<span class=\"wpcf7-form-control-wrap\" data-name=\"Investimento\"><select class=\"wpcf7-form-control wpcf7-select wpcf7-validates-as-required\" aria-required=\"true\" aria-invalid=\"false\" name=\"Investimento\"><option value=\"At\u00e9 R$ 1.200\">At\u00e9 R$ 1.200<\/option><option value=\"R$ 1.200 at\u00e9 R$ 3.000\">R$ 1.200 at\u00e9 R$ 3.000<\/option><option value=\"Mais de R$ 3.000\">Mais de R$ 3.000<\/option><\/select><\/span>\n<\/p>\n<p><label><span class=\"wpcf7-form-control-wrap\" data-name=\"your-message\"><textarea cols=\"40\" rows=\"10\" maxlength=\"2000\" class=\"wpcf7-form-control wpcf7-textarea\" aria-invalid=\"false\" placeholder=\"Mensagem\" name=\"your-message\"><\/textarea><\/span> <\/label><br \/>\n<b>*<\/b>campos obrigat\u00f3rios<br \/>\n<br \/>\n<input class=\"wpcf7-form-control wpcf7-submit has-spinner\" type=\"submit\" value=\"Enviar\" \/>\n<\/p><div class=\"fusion-alert alert custom alert-custom fusion-alert-center wpcf7-response-output fusion-alert-capitalize awb-alert-native-link-color alert-dismissable awb-alert-close-boxed\" style=\"--awb-border-top-left-radius:0px;--awb-border-top-right-radius:0px;--awb-border-bottom-left-radius:0px;--awb-border-bottom-right-radius:0px;\" role=\"alert\"><div class=\"fusion-alert-content-wrapper\"><span class=\"fusion-alert-content\"><\/span><\/div><button type=\"button\" class=\"close toggle-alert\" data-dismiss=\"alert\" aria-label=\"Fechar\">&times;<\/button><\/div>\n<\/form>\n<\/div>\n<div class=\"fusion-clearfix\"><\/div><\/div><\/div><\/div><\/div><div id=\"quemsomos\" class=\"fusion-container-anchor\"><div class=\"fusion-fullwidth fullwidth-box fusion-builder-row-3 nonhundred-percent-fullwidth non-hundred-percent-height-scrolling\" style=\"--awb-border-radius-top-left:0px;--awb-border-radius-top-right:0px;--awb-border-radius-bottom-right:0px;--awb-border-radius-bottom-left:0px;--awb-flex-wrap:wrap;\" ><div class=\"fusion-builder-row fusion-row\"><div class=\"fusion-layout-column fusion_builder_column fusion-builder-column-3 fusion_builder_column_1_1 1_1 fusion-one-full fusion-column-first fusion-column-last\" style=\"--awb-bg-size:cover;\"><div class=\"fusion-column-wrapper fusion-flex-column-wrapper-legacy\"><div class=\"fusion-sep-clear\"><\/div><div class=\"fusion-separator fusion-full-width-sep\" style=\"margin-left: auto;margin-right: auto;margin-bottom:50px;width:100%;\"><\/div><div class=\"fusion-sep-clear\"><\/div><div class=\"fusion-text fusion-text-4\"><h2 style=\"text-align: center;\"><span style=\"color: #000000;\">Quem somos?<\/span><\/h2>\n<\/div><div class=\"fusion-sep-clear\"><\/div><div class=\"fusion-separator fusion-full-width-sep\" style=\"margin-left: auto;margin-right: auto;margin-bottom:20px;width:100%;\"><\/div><div class=\"fusion-sep-clear\"><\/div><div class=\"fusion-text fusion-text-5\"><h4 style=\"text-align: center;\"><span style=\"color: #000000;\">Com mais de 15 anos de atua\u00e7\u00e3o no mercado, a Qualit\u00e0 Comunica\u00e7\u00e3o \u00e9 especializada em marketing digital, produ\u00e7\u00e3o de conte\u00fado e lan\u00e7amento de infoprodutos.<\/span><\/h4>\n<\/div><div class=\"fusion-sep-clear\"><\/div><div class=\"fusion-separator fusion-full-width-sep\" style=\"margin-left: auto;margin-right: auto;margin-bottom:0%;width:100%;\"><\/div><div class=\"fusion-sep-clear\"><\/div><div class=\"fusion-clearfix\"><\/div><\/div><\/div><div class=\"fusion-layout-column fusion_builder_column fusion-builder-column-4 fusion_builder_column_1_1 1_1 fusion-one-full fusion-column-first fusion-column-last\" style=\"--awb-bg-size:cover;\"><div class=\"fusion-column-wrapper fusion-flex-column-wrapper-legacy\"><div class=\"fusion-text fusion-text-6\"><h5 style=\"text-align: left;\"><span style=\"color: #000000;\">Dirigida por profissionais com mais de <strong>20 anos de experi\u00eancia,<\/strong> nossa ag\u00eancia oferece produtos e <strong>servi\u00e7os personalizados<\/strong> para o seu neg\u00f3cio.<\/span><\/h5>\n<\/div><div class=\"fusion-sep-clear\"><\/div><div class=\"fusion-separator fusion-full-width-sep\" style=\"margin-left: auto;margin-right: auto;margin-bottom:1em;width:100%;\"><\/div><div class=\"fusion-sep-clear\"><\/div><div class=\"fusion-text fusion-text-7\"><h5 style=\"text-align: left;\"><span style=\"color: #000000;\"><strong>Planejamos<\/strong> e <strong>executamos<\/strong> o <strong>marketing digital<\/strong> da sua empresa, marca ou produto por meio de a\u00e7\u00f5es nas <strong>m\u00eddias digitais<\/strong>, com o objetivo de crescer, <strong>atrair<\/strong> novos neg\u00f3cios ou clientes e <strong>vender mais<\/strong>.<\/span><\/h5>\n<\/div><div class=\"fusion-clearfix\"><\/div><\/div><\/div><div class=\"fusion-layout-column fusion_builder_column fusion-builder-column-5 fusion_builder_column_1_2 1_2 fusion-one-half fusion-column-first\" style=\"--awb-padding-top:10%;--awb-padding-right:10%;--awb-padding-bottom:10%;--awb-padding-left:10%;--awb-bg-color:#eaeaea;--awb-bg-color-hover:#eaeaea;--awb-bg-size:cover;--awb-margin-bottom:0px;width:50%;width:calc(50% - ( ( 0% ) * 0.5 ) );margin-right: 0%;\"><div class=\"fusion-column-wrapper fusion-column-has-shadow fusion-flex-column-wrapper-legacy\"><div class=\"fusion-image-element fusion-image-align-center in-legacy-container\" style=\"text-align:center;--awb-caption-title-font-family:var(--h2_typography-font-family);--awb-caption-title-font-weight:var(--h2_typography-font-weight);--awb-caption-title-font-style:var(--h2_typography-font-style);--awb-caption-title-size:var(--h2_typography-font-size);--awb-caption-title-transform:var(--h2_typography-text-transform);--awb-caption-title-line-height:var(--h2_typography-line-height);--awb-caption-title-letter-spacing:var(--h2_typography-letter-spacing);\"><div class=\"imageframe-align-center\"><span class=\" fusion-imageframe imageframe-none imageframe-1 hover-type-none\"><img fetchpriority=\"high\" fetchpriority=\"high\" decoding=\"async\" width=\"300\" height=\"300\" title=\"flavia-300&#215;300\" src=\"https:\/\/qualitacomunicacao.com\/br\/wp-content\/uploads\/2018\/01\/flavia-300x300.png\" alt class=\"img-responsive wp-image-3185\" srcset=\"https:\/\/qualitacomunicacao.com\/br\/wp-content\/uploads\/2018\/01\/flavia-300x300-66x66.png 66w, https:\/\/qualitacomunicacao.com\/br\/wp-content\/uploads\/2018\/01\/flavia-300x300-150x150.png 150w, https:\/\/qualitacomunicacao.com\/br\/wp-content\/uploads\/2018\/01\/flavia-300x300-200x200.png 200w, https:\/\/qualitacomunicacao.com\/br\/wp-content\/uploads\/2018\/01\/flavia-300x300.png 300w\" sizes=\"(max-width: 300px) 100vw, 300px\" \/><\/span><\/div><\/div><div class=\"fusion-sep-clear\"><\/div><div class=\"fusion-separator fusion-full-width-sep\" style=\"margin-left: auto;margin-right: auto;margin-bottom:5%;width:100%;\"><div class=\"fusion-separator-border sep-double\" style=\"--awb-height:20px;--awb-amount:20px;border-color:#e0dede;border-top-width:0px;border-bottom-width:0px;\"><\/div><\/div><div class=\"fusion-sep-clear\"><\/div><div class=\"fusion-text fusion-text-8\"><h4 style=\"text-align: center;\">Fl\u00e1via Benvenga<\/h4>\n<\/div><div class=\"fusion-sep-clear\"><\/div><div class=\"fusion-separator fusion-full-width-sep\" style=\"margin-left: auto;margin-right: auto;margin-bottom:5%;width:100%;\"><div class=\"fusion-separator-border sep-double\" style=\"--awb-height:20px;--awb-amount:20px;border-color:#e0dede;border-top-width:0px;border-bottom-width:0px;\"><\/div><\/div><div class=\"fusion-sep-clear\"><\/div><div class=\"fusion-text fusion-text-9\"><p style=\"text-align: center;\">Jornalista e fundadora da Qualit\u00e0 Comunica\u00e7\u00e3o, especializada em produ\u00e7\u00e3o de conte\u00fado.<\/p>\n<\/div><div class=\"fusion-clearfix\"><\/div><\/div><\/div><div class=\"fusion-layout-column fusion_builder_column fusion-builder-column-6 fusion_builder_column_1_2 1_2 fusion-one-half fusion-column-last\" style=\"--awb-padding-top:10%;--awb-padding-right:10%;--awb-padding-bottom:10%;--awb-padding-left:10%;--awb-bg-color:#ffffff;--awb-bg-color-hover:#ffffff;--awb-bg-size:cover;--awb-border-color:#eaeaea;--awb-border-top:2px;--awb-border-right:2px;--awb-border-bottom:2px;--awb-border-left:2px;--awb-border-style:solid;--awb-margin-bottom:0px;width:50%;width:calc(50% - ( ( 0% ) * 0.5 ) );\"><div class=\"fusion-column-wrapper fusion-column-has-shadow fusion-flex-column-wrapper-legacy\"><div class=\"fusion-image-element fusion-image-align-center in-legacy-container\" style=\"text-align:center;--awb-caption-title-font-family:var(--h2_typography-font-family);--awb-caption-title-font-weight:var(--h2_typography-font-weight);--awb-caption-title-font-style:var(--h2_typography-font-style);--awb-caption-title-size:var(--h2_typography-font-size);--awb-caption-title-transform:var(--h2_typography-text-transform);--awb-caption-title-line-height:var(--h2_typography-line-height);--awb-caption-title-letter-spacing:var(--h2_typography-letter-spacing);\"><div class=\"imageframe-align-center\"><span class=\" fusion-imageframe imageframe-none imageframe-2 hover-type-none\"><img decoding=\"async\" width=\"1008\" height=\"1008\" title=\"foto-romano1\" src=\"https:\/\/qualitacomunicacao.com\/br\/wp-content\/uploads\/2019\/10\/foto-romano1.png\" alt class=\"img-responsive wp-image-3918\" srcset=\"https:\/\/qualitacomunicacao.com\/br\/wp-content\/uploads\/2019\/10\/foto-romano1-200x200.png 200w, https:\/\/qualitacomunicacao.com\/br\/wp-content\/uploads\/2019\/10\/foto-romano1-400x400.png 400w, https:\/\/qualitacomunicacao.com\/br\/wp-content\/uploads\/2019\/10\/foto-romano1-600x600.png 600w, https:\/\/qualitacomunicacao.com\/br\/wp-content\/uploads\/2019\/10\/foto-romano1-800x800.png 800w, https:\/\/qualitacomunicacao.com\/br\/wp-content\/uploads\/2019\/10\/foto-romano1.png 1008w\" sizes=\"(max-width: 800px) 100vw, 600px\" \/><\/span><\/div><\/div><div class=\"fusion-sep-clear\"><\/div><div class=\"fusion-separator fusion-full-width-sep\" style=\"margin-left: auto;margin-right: auto;margin-bottom:5%;width:100%;\"><div class=\"fusion-separator-border sep-double\" style=\"--awb-height:20px;--awb-amount:20px;border-color:#e0dede;border-top-width:0px;border-bottom-width:0px;\"><\/div><\/div><div class=\"fusion-sep-clear\"><\/div><div class=\"fusion-text fusion-text-10\"><h4 style=\"text-align: center;\">Romano Venturini<\/h4>\n<\/div><div class=\"fusion-sep-clear\"><\/div><div class=\"fusion-separator fusion-full-width-sep\" style=\"margin-left: auto;margin-right: auto;margin-bottom:5%;width:100%;\"><div class=\"fusion-separator-border sep-double\" style=\"--awb-height:20px;--awb-amount:20px;border-color:#e0dede;border-top-width:0px;border-bottom-width:0px;\"><\/div><\/div><div class=\"fusion-sep-clear\"><\/div><div class=\"fusion-text fusion-text-11\"><p style=\"text-align: center;\">S\u00f3cio da Qualit\u00e0 Comunica\u00e7\u00e3o e respons\u00e1vel pelas \u00e1reas\u00a0de desenvolvimento web e marketing digital.<\/p>\n<\/div><div class=\"fusion-clearfix\"><\/div><\/div><\/div><\/div><\/div><\/div><\/p>\n","protected":false},"excerpt":{"rendered":"","protected":false},"author":1,"featured_media":0,"parent":0,"menu_order":0,"comment_status":"closed","ping_status":"closed","template":"100-width.php","meta":{"footnotes":""},"class_list":["post-4237","page","type-page","status-publish","hentry"],"yoast_head":"<!-- This site is optimized with the Yoast SEO plugin v27.6 - https:\/\/yoast.com\/product\/yoast-seo-wordpress\/ -->\n<title>Contato - Qualit\u00e0 Comunica\u00e7\u00e3o<\/title>\n<meta name=\"robots\" content=\"index, follow, max-snippet:-1, max-image-preview:large, max-video-preview:-1\" \/>\n<link rel=\"canonical\" href=\"https:\/\/qualitacomunicacao.com\/br\/contato-site\/\" \/>\n<meta property=\"og:locale\" content=\"pt_BR\" \/>\n<meta property=\"og:type\" content=\"article\" \/>\n<meta property=\"og:title\" content=\"Contato - Qualit\u00e0 Comunica\u00e7\u00e3o\" \/>\n<meta property=\"og:url\" content=\"https:\/\/qualitacomunicacao.com\/br\/contato-site\/\" \/>\n<meta property=\"og:site_name\" content=\"Qualit\u00e0 Comunica\u00e7\u00e3o\" \/>\n<meta property=\"article:modified_time\" content=\"2022-04-26T23:35:49+00:00\" \/>\n<meta name=\"twitter:card\" content=\"summary_large_image\" \/>\n<meta name=\"twitter:label1\" content=\"Est. tempo de leitura\" \/>\n\t<meta name=\"twitter:data1\" content=\"7 minutos\" \/>\n<script type=\"application\/ld+json\" class=\"yoast-schema-graph\">{\"@context\":\"https:\\\/\\\/schema.org\",\"@graph\":[{\"@type\":\"WebPage\",\"@id\":\"https:\\\/\\\/qualitacomunicacao.com\\\/br\\\/contato-site\\\/\",\"url\":\"https:\\\/\\\/qualitacomunicacao.com\\\/br\\\/contato-site\\\/\",\"name\":\"Contato - Qualit\u00e0 Comunica\u00e7\u00e3o\",\"isPartOf\":{\"@id\":\"https:\\\/\\\/qualitacomunicacao.com\\\/br\\\/#website\"},\"datePublished\":\"2021-08-09T20:35:43+00:00\",\"dateModified\":\"2022-04-26T23:35:49+00:00\",\"breadcrumb\":{\"@id\":\"https:\\\/\\\/qualitacomunicacao.com\\\/br\\\/contato-site\\\/#breadcrumb\"},\"inLanguage\":\"pt-BR\",\"potentialAction\":[{\"@type\":\"ReadAction\",\"target\":[\"https:\\\/\\\/qualitacomunicacao.com\\\/br\\\/contato-site\\\/\"]}]},{\"@type\":\"BreadcrumbList\",\"@id\":\"https:\\\/\\\/qualitacomunicacao.com\\\/br\\\/contato-site\\\/#breadcrumb\",\"itemListElement\":[{\"@type\":\"ListItem\",\"position\":1,\"name\":\"In\u00edcio\",\"item\":\"https:\\\/\\\/qualitacomunicacao.com\\\/br\\\/\"},{\"@type\":\"ListItem\",\"position\":2,\"name\":\"Contato\"}]},{\"@type\":\"WebSite\",\"@id\":\"https:\\\/\\\/qualitacomunicacao.com\\\/br\\\/#website\",\"url\":\"https:\\\/\\\/qualitacomunicacao.com\\\/br\\\/\",\"name\":\"Qualit\u00e0 Comunica\u00e7\u00e3o\",\"description\":\"\",\"potentialAction\":[{\"@type\":\"SearchAction\",\"target\":{\"@type\":\"EntryPoint\",\"urlTemplate\":\"https:\\\/\\\/qualitacomunicacao.com\\\/br\\\/?s={search_term_string}\"},\"query-input\":{\"@type\":\"PropertyValueSpecification\",\"valueRequired\":true,\"valueName\":\"search_term_string\"}}],\"inLanguage\":\"pt-BR\"}]}<\/script>\n<!-- \/ Yoast SEO plugin. -->","yoast_head_json":{"title":"Contato - Qualit\u00e0 Comunica\u00e7\u00e3o","robots":{"index":"index","follow":"follow","max-snippet":"max-snippet:-1","max-image-preview":"max-image-preview:large","max-video-preview":"max-video-preview:-1"},"canonical":"https:\/\/qualitacomunicacao.com\/br\/contato-site\/","og_locale":"pt_BR","og_type":"article","og_title":"Contato - Qualit\u00e0 Comunica\u00e7\u00e3o","og_url":"https:\/\/qualitacomunicacao.com\/br\/contato-site\/","og_site_name":"Qualit\u00e0 Comunica\u00e7\u00e3o","article_modified_time":"2022-04-26T23:35:49+00:00","twitter_card":"summary_large_image","twitter_misc":{"Est. tempo de leitura":"7 minutos"},"schema":{"@context":"https:\/\/schema.org","@graph":[{"@type":"WebPage","@id":"https:\/\/qualitacomunicacao.com\/br\/contato-site\/","url":"https:\/\/qualitacomunicacao.com\/br\/contato-site\/","name":"Contato - Qualit\u00e0 Comunica\u00e7\u00e3o","isPartOf":{"@id":"https:\/\/qualitacomunicacao.com\/br\/#website"},"datePublished":"2021-08-09T20:35:43+00:00","dateModified":"2022-04-26T23:35:49+00:00","breadcrumb":{"@id":"https:\/\/qualitacomunicacao.com\/br\/contato-site\/#breadcrumb"},"inLanguage":"pt-BR","potentialAction":[{"@type":"ReadAction","target":["https:\/\/qualitacomunicacao.com\/br\/contato-site\/"]}]},{"@type":"BreadcrumbList","@id":"https:\/\/qualitacomunicacao.com\/br\/contato-site\/#breadcrumb","itemListElement":[{"@type":"ListItem","position":1,"name":"In\u00edcio","item":"https:\/\/qualitacomunicacao.com\/br\/"},{"@type":"ListItem","position":2,"name":"Contato"}]},{"@type":"WebSite","@id":"https:\/\/qualitacomunicacao.com\/br\/#website","url":"https:\/\/qualitacomunicacao.com\/br\/","name":"Qualit\u00e0 Comunica\u00e7\u00e3o","description":"","potentialAction":[{"@type":"SearchAction","target":{"@type":"EntryPoint","urlTemplate":"https:\/\/qualitacomunicacao.com\/br\/?s={search_term_string}"},"query-input":{"@type":"PropertyValueSpecification","valueRequired":true,"valueName":"search_term_string"}}],"inLanguage":"pt-BR"}]}},"_links":{"self":[{"href":"https:\/\/qualitacomunicacao.com\/br\/wp-json\/wp\/v2\/pages\/4237","targetHints":{"allow":["GET"]}}],"collection":[{"href":"https:\/\/qualitacomunicacao.com\/br\/wp-json\/wp\/v2\/pages"}],"about":[{"href":"https:\/\/qualitacomunicacao.com\/br\/wp-json\/wp\/v2\/types\/page"}],"author":[{"embeddable":true,"href":"https:\/\/qualitacomunicacao.com\/br\/wp-json\/wp\/v2\/users\/1"}],"replies":[{"embeddable":true,"href":"https:\/\/qualitacomunicacao.com\/br\/wp-json\/wp\/v2\/comments?post=4237"}],"version-history":[{"count":28,"href":"https:\/\/qualitacomunicacao.com\/br\/wp-json\/wp\/v2\/pages\/4237\/revisions"}],"predecessor-version":[{"id":4356,"href":"https:\/\/qualitacomunicacao.com\/br\/wp-json\/wp\/v2\/pages\/4237\/revisions\/4356"}],"wp:attachment":[{"href":"https:\/\/qualitacomunicacao.com\/br\/wp-json\/wp\/v2\/media?parent=4237"}],"curies":[{"name":"wp","href":"https:\/\/api.w.org\/{rel}","templated":true}]}}